{"id":79,"date":"2023-03-29T12:06:42","date_gmt":"2023-03-29T12:06:42","guid":{"rendered":"https:\/\/alphavillepernambuco.com.br\/?page_id=79"},"modified":"2023-03-29T12:33:44","modified_gmt":"2023-03-29T12:33:44","slug":"administracao","status":"publish","type":"page","link":"https:\/\/alphavillepernambuco.com.br\/?page_id=79","title":{"rendered":"Administra\u00e7\u00e3o"},"content":{"rendered":"\n<p>Time da Administra\u00e7\u00e3o do Condom\u00ednio<\/p>\n\n\n\n\n\n\n<h2 class=\"wp-block-heading\">Teste<\/h2>\n","protected":false},"excerpt":{"rendered":"<p>Time da Administra\u00e7\u00e3o do Condom\u00ednio Teste<\/p>\n","protected":false},"author":1,"featured_media":0,"parent":0,"menu_order":0,"comment_status":"closed","ping_status":"closed","template":"","meta":{"ngg_post_thumbnail":0,"footnotes":""},"class_list":["post-79","page","type-page","status-publish","hentry"],"_links":{"self":[{"href":"https:\/\/alphavillepernambuco.com.br\/index.php?rest_route=\/wp\/v2\/pages\/79","targetHints":{"allow":["GET"]}}],"collection":[{"href":"https:\/\/alphavillepernambuco.com.br\/index.php?rest_route=\/wp\/v2\/pages"}],"about":[{"href":"https:\/\/alphavillepernambuco.com.br\/index.php?rest_route=\/wp\/v2\/types\/page"}],"author":[{"embeddable":true,"href":"https:\/\/alphavillepernambuco.com.br\/index.php?rest_route=\/wp\/v2\/users\/1"}],"replies":[{"embeddable":true,"href":"https:\/\/alphavillepernambuco.com.br\/index.php?rest_route=%2Fwp%2Fv2%2Fcomments&post=79"}],"version-history":[{"count":4,"href":"https:\/\/alphavillepernambuco.com.br\/index.php?rest_route=\/wp\/v2\/pages\/79\/revisions"}],"predecessor-version":[{"id":100,"href":"https:\/\/alphavillepernambuco.com.br\/index.php?rest_route=\/wp\/v2\/pages\/79\/revisions\/100"}],"wp:attachment":[{"href":"https:\/\/alphavillepernambuco.com.br\/index.php?rest_route=%2Fwp%2Fv2%2Fmedia&parent=79"}],"curies":[{"name":"wp","href":"https:\/\/api.w.org\/{rel}","templated":true}]}}